{"id":2585,"date":"2025-04-28T15:58:29","date_gmt":"2025-04-28T19:58:29","guid":{"rendered":"https:\/\/lecheminduroy.com\/itineraires-patrimoniaux\/"},"modified":"2025-09-25T13:19:15","modified_gmt":"2025-09-25T17:19:15","slug":"heritage-itineraries","status":"publish","type":"page","link":"https:\/\/lecheminduroy.com\/en\/heritage-itineraries\/","title":{"rendered":"Heritage Itineraries"},"content":{"rendered":"","protected":false},"excerpt":{"rendered":"","protected":false},"author":2,"featured_media":0,"parent":0,"menu_order":0,"comment_status":"closed","ping_status":"closed","template":"templates\/itinerary-category.php","meta":{"_acf_changed":false,"footnotes":""},"class_list":["post-2585","page","type-page","status-publish","hentry"],"acf":[],"yoast_head":"<!-- This site is optimized with the Yoast SEO plugin v26.9 - https:\/\/yoast.com\/product\/yoast-seo-wordpress\/ -->\n<title>Heritage Itineraries \u2013 King\u2019s Road<\/title>\n<meta name=\"description\" content=\"The King\u2019s Road is full of surprising heritage sites! Will you uncover the secrets of the historic places between Quebec City and Montreal?\" \/>\n<meta name=\"robots\" content=\"index, follow, max-snippet:-1, max-image-preview:large, max-video-preview:-1\" \/>\n<link rel=\"canonical\" href=\"https:\/\/lecheminduroy.com\/en\/heritage-itineraries\/\" \/>\n<meta property=\"og:locale\" content=\"en_US\" \/>\n<meta property=\"og:type\" content=\"article\" \/>\n<meta property=\"og:title\" content=\"Heritage Itineraries \u2013 King\u2019s Road\" \/>\n<meta property=\"og:description\" content=\"The King\u2019s Road is full of surprising heritage sites! Will you uncover the secrets of the historic places between Quebec City and Montreal?\" \/>\n<meta property=\"og:url\" content=\"https:\/\/lecheminduroy.com\/en\/heritage-itineraries\/\" \/>\n<meta property=\"og:site_name\" content=\"Chemin du Roy\" \/>\n<meta property=\"article:modified_time\" content=\"2025-09-25T17:19:15+00:00\" \/>\n<meta property=\"og:image\" content=\"https:\/\/lecheminduroy.com\/wp-content\/uploads\/2025\/04\/Moulin-Grondines-\u00a9DQC-3-1.jpg\" \/>\n\t<meta property=\"og:image:width\" content=\"1800\" \/>\n\t<meta property=\"og:image:height\" content=\"1013\" \/>\n\t<meta property=\"og:image:type\" content=\"image\/jpeg\" \/>\n<meta name=\"twitter:card\" content=\"summary_large_image\" \/>\n<script type=\"application\/ld+json\" class=\"yoast-schema-graph\">{\"@context\":\"https:\/\/schema.org\",\"@graph\":[{\"@type\":\"WebPage\",\"@id\":\"https:\/\/lecheminduroy.com\/en\/heritage-itineraries\/\",\"url\":\"https:\/\/lecheminduroy.com\/en\/heritage-itineraries\/\",\"name\":\"Heritage Itineraries \u2013 King\u2019s Road\",\"isPartOf\":{\"@id\":\"https:\/\/lecheminduroy.com\/en\/#website\"},\"datePublished\":\"2025-04-28T19:58:29+00:00\",\"dateModified\":\"2025-09-25T17:19:15+00:00\",\"description\":\"The King\u2019s Road is full of surprising heritage sites! Will you uncover the secrets of the historic places between Quebec City and Montreal?\",\"breadcrumb\":{\"@id\":\"https:\/\/lecheminduroy.com\/en\/heritage-itineraries\/#breadcrumb\"},\"inLanguage\":\"en-US\",\"potentialAction\":[{\"@type\":\"ReadAction\",\"target\":[\"https:\/\/lecheminduroy.com\/en\/heritage-itineraries\/\"]}]},{\"@type\":\"BreadcrumbList\",\"@id\":\"https:\/\/lecheminduroy.com\/en\/heritage-itineraries\/#breadcrumb\",\"itemListElement\":[{\"@type\":\"ListItem\",\"position\":1,\"name\":\"Home\",\"item\":\"https:\/\/lecheminduroy.com\/en\/\"},{\"@type\":\"ListItem\",\"position\":2,\"name\":\"Heritage Itineraries\"}]},{\"@type\":\"WebSite\",\"@id\":\"https:\/\/lecheminduroy.com\/en\/#website\",\"url\":\"https:\/\/lecheminduroy.com\/en\/\",\"name\":\"Le Chemin du roy\",\"description\":\"Le Chemin du Roy est une route touristique incontournable traversant 3 des principales r\u00e9gions touristiques du Qu\u00e9bec : Qu\u00e9bec, la Mauricie et Lanaudi\u00e8re.\",\"publisher\":{\"@id\":\"https:\/\/lecheminduroy.com\/en\/#organization\"},\"alternateName\":\"Chemin du roy\",\"potentialAction\":[{\"@type\":\"SearchAction\",\"target\":{\"@type\":\"EntryPoint\",\"urlTemplate\":\"https:\/\/lecheminduroy.com\/en\/?s={search_term_string}\"},\"query-input\":{\"@type\":\"PropertyValueSpecification\",\"valueRequired\":true,\"valueName\":\"search_term_string\"}}],\"inLanguage\":\"en-US\"},{\"@type\":\"Organization\",\"@id\":\"https:\/\/lecheminduroy.com\/en\/#organization\",\"name\":\"Le Chemin du roy\",\"alternateName\":\"Chemin du roy\",\"url\":\"https:\/\/lecheminduroy.com\/en\/\",\"logo\":{\"@type\":\"ImageObject\",\"inLanguage\":\"en-US\",\"@id\":\"https:\/\/lecheminduroy.com\/en\/#\/schema\/logo\/image\/\",\"url\":\"https:\/\/lecheminduroy.com\/wp-content\/uploads\/2025\/04\/Logo-CDR-noir.svg\",\"contentUrl\":\"https:\/\/lecheminduroy.com\/wp-content\/uploads\/2025\/04\/Logo-CDR-noir.svg\",\"width\":1,\"height\":1,\"caption\":\"Le Chemin du roy\"},\"image\":{\"@id\":\"https:\/\/lecheminduroy.com\/en\/#\/schema\/logo\/image\/\"}}]}<\/script>\n<!-- \/ Yoast SEO plugin. -->","yoast_head_json":{"title":"Heritage Itineraries \u2013 King\u2019s Road","description":"The King\u2019s Road is full of surprising heritage sites! Will you uncover the secrets of the historic places between Quebec City and Montreal?","robots":{"index":"index","follow":"follow","max-snippet":"max-snippet:-1","max-image-preview":"max-image-preview:large","max-video-preview":"max-video-preview:-1"},"canonical":"https:\/\/lecheminduroy.com\/en\/heritage-itineraries\/","og_locale":"en_US","og_type":"article","og_title":"Heritage Itineraries \u2013 King\u2019s Road","og_description":"The King\u2019s Road is full of surprising heritage sites! Will you uncover the secrets of the historic places between Quebec City and Montreal?","og_url":"https:\/\/lecheminduroy.com\/en\/heritage-itineraries\/","og_site_name":"Chemin du Roy","article_modified_time":"2025-09-25T17:19:15+00:00","og_image":[{"width":1800,"height":1013,"url":"https:\/\/lecheminduroy.com\/wp-content\/uploads\/2025\/04\/Moulin-Grondines-\u00a9DQC-3-1.jpg","type":"image\/jpeg"}],"twitter_card":"summary_large_image","schema":{"@context":"https:\/\/schema.org","@graph":[{"@type":"WebPage","@id":"https:\/\/lecheminduroy.com\/en\/heritage-itineraries\/","url":"https:\/\/lecheminduroy.com\/en\/heritage-itineraries\/","name":"Heritage Itineraries \u2013 King\u2019s Road","isPartOf":{"@id":"https:\/\/lecheminduroy.com\/en\/#website"},"datePublished":"2025-04-28T19:58:29+00:00","dateModified":"2025-09-25T17:19:15+00:00","description":"The King\u2019s Road is full of surprising heritage sites! Will you uncover the secrets of the historic places between Quebec City and Montreal?","breadcrumb":{"@id":"https:\/\/lecheminduroy.com\/en\/heritage-itineraries\/#breadcrumb"},"inLanguage":"en-US","potentialAction":[{"@type":"ReadAction","target":["https:\/\/lecheminduroy.com\/en\/heritage-itineraries\/"]}]},{"@type":"BreadcrumbList","@id":"https:\/\/lecheminduroy.com\/en\/heritage-itineraries\/#breadcrumb","itemListElement":[{"@type":"ListItem","position":1,"name":"Home","item":"https:\/\/lecheminduroy.com\/en\/"},{"@type":"ListItem","position":2,"name":"Heritage Itineraries"}]},{"@type":"WebSite","@id":"https:\/\/lecheminduroy.com\/en\/#website","url":"https:\/\/lecheminduroy.com\/en\/","name":"Le Chemin du roy","description":"Le Chemin du Roy est une route touristique incontournable traversant 3 des principales r\u00e9gions touristiques du Qu\u00e9bec : Qu\u00e9bec, la Mauricie et Lanaudi\u00e8re.","publisher":{"@id":"https:\/\/lecheminduroy.com\/en\/#organization"},"alternateName":"Chemin du roy","potentialAction":[{"@type":"SearchAction","target":{"@type":"EntryPoint","urlTemplate":"https:\/\/lecheminduroy.com\/en\/?s={search_term_string}"},"query-input":{"@type":"PropertyValueSpecification","valueRequired":true,"valueName":"search_term_string"}}],"inLanguage":"en-US"},{"@type":"Organization","@id":"https:\/\/lecheminduroy.com\/en\/#organization","name":"Le Chemin du roy","alternateName":"Chemin du roy","url":"https:\/\/lecheminduroy.com\/en\/","logo":{"@type":"ImageObject","inLanguage":"en-US","@id":"https:\/\/lecheminduroy.com\/en\/#\/schema\/logo\/image\/","url":"https:\/\/lecheminduroy.com\/wp-content\/uploads\/2025\/04\/Logo-CDR-noir.svg","contentUrl":"https:\/\/lecheminduroy.com\/wp-content\/uploads\/2025\/04\/Logo-CDR-noir.svg","width":1,"height":1,"caption":"Le Chemin du roy"},"image":{"@id":"https:\/\/lecheminduroy.com\/en\/#\/schema\/logo\/image\/"}}]}},"_links":{"self":[{"href":"https:\/\/lecheminduroy.com\/en\/wp-json\/wp\/v2\/pages\/2585","targetHints":{"allow":["GET"]}}],"collection":[{"href":"https:\/\/lecheminduroy.com\/en\/wp-json\/wp\/v2\/pages"}],"about":[{"href":"https:\/\/lecheminduroy.com\/en\/wp-json\/wp\/v2\/types\/page"}],"author":[{"embeddable":true,"href":"https:\/\/lecheminduroy.com\/en\/wp-json\/wp\/v2\/users\/2"}],"replies":[{"embeddable":true,"href":"https:\/\/lecheminduroy.com\/en\/wp-json\/wp\/v2\/comments?post=2585"}],"version-history":[{"count":2,"href":"https:\/\/lecheminduroy.com\/en\/wp-json\/wp\/v2\/pages\/2585\/revisions"}],"predecessor-version":[{"id":2930,"href":"https:\/\/lecheminduroy.com\/en\/wp-json\/wp\/v2\/pages\/2585\/revisions\/2930"}],"wp:attachment":[{"href":"https:\/\/lecheminduroy.com\/en\/wp-json\/wp\/v2\/media?parent=2585"}],"curies":[{"name":"wp","href":"https:\/\/api.w.org\/{rel}","templated":true}]}}